{"id":3,"date":"2024-02-22T09:39:54","date_gmt":"2024-02-22T08:39:54","guid":{"rendered":"https:\/\/kolmer-paletten.de\/?page_id=3"},"modified":"2024-07-08T07:59:54","modified_gmt":"2024-07-08T05:59:54","slug":"datenschutzerklaerung","status":"publish","type":"page","link":"https:\/\/kolmer-paletten.de\/index.php\/datenschutzerklaerung\/","title":{"rendered":"Datenschutzerkl\u00e4rung"},"content":{"rendered":"<div class=\"wpb-content-wrapper\"><p>[vc_row css=&#8221;.vc_custom_1708932670507{margin-top: 100px !important;}&#8221;][vc_column][vc_column_text css=&#8221;.vc_custom_1709106830451{background-position: center !important;background-repeat: no-repeat !important;background-size: contain !important;}&#8221;]<\/p>\n<h2><span style=\"display: inline-block; background-color: #0055aa; padding: 10px 40px 10px 40px;\">DATENSCHUTZ<\/span><\/h2>\n<p>[\/vc_column_text][vc_column_text css=&#8221;.vc_custom_1720417803490{margin-top: 10px !important;}&#8221;]Nachfolgend m\u00f6chten wir Sie \u00fcber den Datenschutz auf unserer Website sowie \u00fcber Art, Umfang und Zweck der von uns erhobenen, genutzten und verarbeiteten personenbezogenen Daten informieren. Datenschutz hat einen hohen Stellenwert f\u00fcr uns.<\/p>\n<p>Personenbezogene Daten sind alle Daten, mit denen Sie pers\u00f6nlich identifiziert werden k\u00f6nnten, so z.B. Name, IP-Adresse, Telefonnummer, usw. Diese Daten werden teilweise automatisch beim Besuch der Website verarbeitet (z.B. IP-Adresse, Browsertyp, Betriebssystem, etc), oder wenn Sie uns Ihre Einwilligung zur Verarbeitung geben, bzw. wenn Sie uns Ihre Daten freiwillig mitteilen, z.B. ihre Daten in ein Formular auf unserer Website eintragen.<\/p>\n<p>Weiterhin m\u00f6chten wir Sie \u00fcber die Ihnen zustehenden Rechte nach DSGVO aufkl\u00e4ren.<\/p>\n<p>Sie haben jederzeit das Recht, unentgeltlich Auskunft \u00fcber Herkunft, Empf\u00e4nger und Zweck Ihrer bei uns verarbeiteten personenbezogenen Daten zu erhalten, sowie das Recht zur Berichtigung oder L\u00f6schung dieser Daten.<\/p>\n<p>Sie haben weiterhin das Recht, unter bestimmten Umst\u00e4nden die Einschr\u00e4nkung der Verarbeitung Ihrer personenbezogenen Daten zu verlangen. Wenn Sie uns eine Einwilligung zur Datenverarbeitung erteilt haben, k\u00f6nnen Sie diese Einwilligung jederzeit f\u00fcr die Zukunft widerrufen. Weiterhin steht Ihnen ein Beschwerderecht bei der zust\u00e4ndigen Datenschutz-Aufsichtsbeh\u00f6rde zu.[\/vc_column_text][vc_column_text css=&#8221;.vc_custom_1720417827627{margin-top: 10px !important;}&#8221;]<strong>Verantwortlicher f\u00fcr den Datenschutz \/ verarbeitende Stelle ist:<\/strong><\/p>\n<p>Martin Kolmer<br \/>\nMiltacher Str. 9, 93468 Miltach<\/p>\n<p>Telefon: +49 (9944) 30771-41<br \/>\nTelefax: +49 (9944) 30771-50<br \/>\nE-Mail: <a href=\"mailto:m.kolmer@kolmer-paletten.de\">m.kolmer@kolmer-paletten.de<\/a>[\/vc_column_text][vc_column_text css=&#8221;.vc_custom_1720417880973{margin-top: 10px !important;}&#8221;]<strong>Verarbeitung Ihrer Daten im Rahmen der von uns erbrachten Leistungen<\/strong><\/p>\n<p>Bei unseren Kunden oder Gesch\u00e4ftspartnern, oder f\u00fcr den Fall, dass Sie sich f\u00fcr unsere Leistungen interessieren, richten sich Art, Umfang und Zweck der Verarbeitung Ihrer personenbezogenen Daten nach den zwischen uns bestehenden vertraglichen bzw. vorvertraglichen Beziehungen. Wir verarbeiten hierbei personenbezogene Daten, die wir von Ihnen abfragen, oder die Sie uns bereitstellen, um Ihre Anfrage zu beantworten, Ihnen ein Angebot zu erstellen oder Ihre Bestellung zu bearbeiten. Betroffene Personen sind hierbei Interessenten, Gesch\u00e4fts- und Vertragspartner. Der Verarbeitungszweck ist die Abwicklung vertraglicher Leistungen, die Kommunikation, sowie die Beantwortung von Kontaktanfragen und B\u00fcro und Organisationsverfahren.<\/p>\n<p>Sofern sich aus den weiteren Hinweisen dieser Datenschutzerkl\u00e4rung nichts anderes ergibt, beschr\u00e4nkt sich die Verarbeitung Ihrer Daten, sowie deren Weitergabe an Dritte auf diejenigen Daten, die zur Beantwortung Ihrer Anfragen und\/oder zur Erf\u00fcllung des Vertrages, zur Wahrung unserer Rechte, sowie zur Erf\u00fcllung gesetzlicher Pflichten erforderlich und zweckm\u00e4\u00dfig sind.<\/p>\n<p>Betroffene Daten sind:<\/p>\n<ul>\n<li>Bestandsdaten (bspw. Namen, Adressen)<\/li>\n<li>Zahlungsdaten (bspw. Bankverbindungsdaten, Rechnungen)<\/li>\n<li>Kontaktdaten (bspw. E-Mail-Adresse, Telefonnummer, Postanschrift)<\/li>\n<li>Vertragsdaten (bspw. Vertragsgegenstand, Vertragsdauer)<\/li>\n<\/ul>\n<p>Rechtsgrundlage der Datenverarbeitung ist Art. 6 I 1 lit. b DSGVO, die Vertragserf\u00fcllung bzw. die Erf\u00fcllung vorvertraglicher Anfragen.<\/p>\n<p>Soweit in dieser Datenschutzerkl\u00e4rung keine spezielle Speicherdauer genannt wird, speichern wir Ihre personenbezogenen Daten bis der Zweck f\u00fcr die Datenverarbeitung entf\u00e4llt. Wir l\u00f6schen Ihre personenbezogenen Daten, wenn wir diese nicht mehr ben\u00f6tigen, d.h. nach Beendigung der zwischen uns bestehenden vertraglichen Beziehungen, oder nach Wegfall unseres berechtigten Interesses an der weiteren Verarbeitung der Daten, oder wenn Sie uns zur L\u00f6schung auffordern. Zwingende gesetzliche Bestimmungen \u2013 insbesondere gesetzliche Aufbewahrungsfristen \u2013 bleiben unber\u00fchrt. Ebenso kann es zur Geltendmachung, Aus\u00fcbung oder Verteidigung von Rechtsanspr\u00fcchen aus vertraglichen Beziehungen oder zum Schutz der Rechte einer anderen nat\u00fcrlichen oder juristischen Person erforderlich sein, Ihre personenbezogenen Daten bis zum Ablauf dieser Fristen zu verarbeiten. Wir l\u00f6schen dann die hierf\u00fcr ben\u00f6tigten personenbezogenen Daten erst nach Ablauf dieser Fristen. Bis zum Ablauf dieser Fristen beschr\u00e4nken wir die Verarbeitung dieser Daten jedoch auf diese Zwecke.[\/vc_column_text][vc_column_text css=&#8221;.vc_custom_1720417924075{margin-top: 10px !important;}&#8221;]<strong>Aufruf der Website &#8211; Verarbeitung personenbezogener Daten sowie Art und Zweck der Verwendung<\/strong><\/p>\n<p>Wenn Sie unsere Website aufrufen, \u00fcbermitteln Sie (aus technischer Notwendigkeit) \u00fcber Ihren Internetbrowser Daten an unseren Webserver. Nachfolgende Daten werden w\u00e4hrend einer laufenden Verbindung zur Kommunikation zwischen Ihrem Internetbrowser und unserem Webserver in den Server-Logfiles verarbeitet:<\/p>\n<ul>\n<li>die Seite, von der aus die Datei angefordert wurde &#8211; Referrer URL<\/li>\n<li>der Name der Datei<\/li>\n<li>das Datum und die Uhrzeit der Anfrage<\/li>\n<li>eine Beschreibung des Typs des verwendeten Webbrowsers \/ Browserversion und Betriebssystem<\/li>\n<li>IP-Adresse des anfragenden Rechners<\/li>\n<li>Zugriffsstatus (Datei \u00fcbertragen, Datei nicht gefunden, etc.)<\/li>\n<li>\u00dcbertragene Datenmenge<\/li>\n<\/ul>\n<p>Aus technischen Gr\u00fcnden (Aufruf der Website) werden diese Daten kurzzeitig gespeichert. Ein R\u00fcckschluss auf einzelne Personen ist uns anhand dieser Daten nicht m\u00f6glich. Nach sp\u00e4testens 7 Tagen werden die IP-Adressen gel\u00f6scht bzw. anonymisiert.<\/p>\n<p>Die Daten werden ausschlie\u00dflich zu internen Zwecken ausgewertet und lassen f\u00fcr uns keine R\u00fcckschl\u00fcsse auf Ihre Person zu. Ein Abgleich mit anderen Datenbest\u00e4nden findet nicht statt.<\/p>\n<p>Die genannten Daten werden zu folgenden Zwecken verarbeitet:<\/p>\n<ul>\n<li>Gew\u00e4hrleistung eines ordnungsgem\u00e4\u00dfen und reibungslosen Verbindungsaufbaus der Website,<\/li>\n<li>Gew\u00e4hrleistung einer komfortablen Nutzung der Website,<\/li>\n<li>Auswertung der Systemsicherheit und -stabilit\u00e4t<\/li>\n<\/ul>\n<p>Die Rechtsgrundlage f\u00fcr die Datenverarbeitung ist Art. 6 Abs. 1 S. 1 lit. f DSGVO. Das berechtigte Interesse folgt aus oben aufgelisteten Zwecken zur Datenerhebung. In keinem Fall verwenden wir die erhobenen Daten zu dem Zweck, R\u00fcckschl\u00fcsse auf Ihre Person zu ziehen. Sie k\u00f6nnen die Webseite besuchen, ohne Angaben zu Ihrer Person zu machen.[\/vc_column_text][vc_column_text css=&#8221;.vc_custom_1720417937618{margin-top: 10px !important;}&#8221;]<strong>Anfragen per e-Mail, Telefax oder Telefon<\/strong><\/p>\n<p>Wenn Sie uns per e-Mail, Telefax oder Telefon kontaktieren, wird Ihre Anfrage inklusive aller daraus hervorgehenden personenbezogenen Daten (z.B. Name, Anfrage) zum Zwecke der Bearbeitung Ihres Anliegens bei uns gespeichert und verarbeitet. Eine Weitergabe der Daten ohne Ihre Einwilligung erfolgt nicht. Es besteht keine gesetzliche oder vertragliche Pflicht zur Bereitstellung Ihrer Daten, jedoch ist eine Bearbeitung Ihres Anliegens ohne die Bereitstellung Ihrer Daten nicht m\u00f6glich.<\/p>\n<p>Die Verarbeitung dieser Daten erfolgt auf Grundlage von Art. 6 Abs. 1 lit. b DSGVO, sofern Ihre Anfrage mit der Erf\u00fcllung eines Vertrags zusammenh\u00e4ngt oder zur Durchf\u00fchrung vorvertraglicher Ma\u00dfnahmen erforderlich ist. In allen \u00fcbrigen F\u00e4llen beruht die Verarbeitung auf Ihrer Einwilligung (Art. 6 Abs. 1 lit. a DSGVO) und \/ oder auf unserem berechtigten Interesse (Art. 6 Abs. 1 lit. f DSGVO), da wir ein berechtigtes Interesse an der effektiven Bearbeitung der an uns gerichteten Anfragen haben.<\/p>\n<p>Die an uns per Kontaktanfragen \u00fcbersandten (e-Mail) Daten werden bei uns gespeichert, bis Sie uns zur L\u00f6schung auffordern, Ihre Einwilligung zur Speicherung widerrufen oder der Zweck f\u00fcr die Datenspeicherung entf\u00e4llt (z.B. nach abgeschlossener Bearbeitung Ihres Anliegens). Zwingende gesetzliche Bestimmungen \u2013 insbesondere gesetzliche Aufbewahrungsfristen \u2013 bleiben unber\u00fchrt.[\/vc_column_text][vc_column_text css=&#8221;.vc_custom_1720417950928{margin-top: 10px !important;}&#8221;]<strong>Daten bei Verwendung unseres Kontaktformulars<\/strong><\/p>\n<p>Wenn Sie uns \u00fcber unser Kontaktformular eine Nachricht senden, k\u00f6nnen Sie anstatt Ihres richtigen Namens auch ein Pseudonym verwenden. Die Eingabe einer e-Mail Adresse ist notwendig, um uns zu erm\u00f6glichen mit Ihnen per e-Mail in Kontakt treten zu k\u00f6nnen. Es besteht keine gesetzliche oder vertragliche Pflicht zur Bereitstellung Ihrer Daten, jedoch ist eine Bearbeitung Ihres Anliegens ohne die Bereitstellung Ihrer Daten nicht m\u00f6glich.<\/p>\n<p>Die von Ihnen in das Kontaktformular eingegebenen Daten werden von uns ausschlie\u00dflich zur Beantwortung des Kontakts im Rahmen Ihrer Anfrage an uns \u00fcber das Kontaktformular verwendet. Wir geben die von Ihnen in das Kontaktformular eingegebenen Daten nicht an Dritte weiter oder verwenden diese Daten zu keinen anderen Zwecken als zur Beantwortung Ihrer Anfrage. Die Datenverarbeitung erfolgt entweder zu Zwecken der Erf\u00fcllung eines Vertrags, dessen Vertragspartei die betroffene Person ist, oder zur Durchf\u00fchrung vorvertraglicher Ma\u00dfnahmen (Art 6 I S 1 lit b DSGVO), oder nach Art. 6 Abs. 1 S. 1 lit. a DSGVO auf Grundlage Ihrer freiwillig erteilten Einwilligung und \/ oder auf unseren berechtigten Interessen (Art. 6 Abs. 1 lit. f DSGVO), da wir ein berechtigtes Interesse an der effektiven Bearbeitung der an uns gerichteten Anfragen haben.<\/p>\n<p>Ihre Daten werden nach abschlie\u00dfender Bearbeitung Ihrer Anfrage gel\u00f6scht, sofern der L\u00f6schung keine gesetzlichen Aufbewahrungspflichten entgegenstehen.[\/vc_column_text][vc_column_text css=&#8221;.vc_custom_1720417965671{margin-top: 10px !important;}&#8221;]<strong>Datenschutz bei \u00dcbersendung von Bewerbungsunterlagen<\/strong><\/p>\n<p>Sofern Sie uns Ihre Bewerbungsunterlagen \u00fcbersenden, verwenden wir diese ausschlie\u00dflich zur Entscheidung \u00fcber Ihre Bewerbung und geben Ihre Daten nicht an Dritte weiter. Wir weisen darauf hin, dass bei einer \u00dcbersendung von Bewerbungsunterlagen per e-Mail aktuell keine Verschl\u00fcsselung Ihrer Daten von uns angeboten wird. Sie k\u00f6nnen jedoch Ihre Anlagen z.B. mit dem Programm 7ZIP (http:\/\/www.7-zip.de\/) verschl\u00fcsselt an uns per e-Mail senden und uns gesondert, z.B. per Telefon Ihr Passwort mitteilen. \u00dcber den Eingang Ihrer Bewerbung erhalten Sie eine e-Mail Nachricht von uns auf Ihre e-Mail Adresse. Sie k\u00f6nnen uns auch jederzeit Ihre Bewerbung per Post zusenden.<\/p>\n<p>Bewerbungsdaten werden von anderen Datens\u00e4tzen getrennt aufbewahrt und verwaltet.<\/p>\n<p>Schlie\u00dfen wir einen Anstellungsvertrag mit einem Bewerber, werden die \u00fcbermittelten Daten zum Zwecke der Abwicklung des Besch\u00e4ftigungsverh\u00e4ltnisses unter Beachtung der gesetzlichen Vorschriften gespeichert. Kommt kein Anstellungsvertrag mit dem Bewerber zustande, so werden die Bewerbungsunterlagen sp\u00e4testens nach 6 Monaten nach Bekanntgabe der Absageentscheidung automatisch gel\u00f6scht, sofern einer L\u00f6schung keine sonstigen berechtigten Interessen des f\u00fcr die Verarbeitung Verantwortlichen entgegenstehen oder der Bewerber ausdr\u00fccklich in eine l\u00e4ngere Speicherung und Aufbewahrung seiner Bewerbung, z.B. f\u00fcr eventuellen sp\u00e4teren Kontakt bei freien Stellen eingewilligt hat. Sonstiges berechtigtes Interesse in diesem Sinne ist z.B. eine Beweispflicht in einem Verfahren nach dem Allgemeinen Gleichbehandlungsgesetz (AGG).<\/p>\n<p>Die Datenverarbeitung zum Zwecke der Kontaktaufnahme und Verarbeitung Ihrer Bewerbungsdaten erfolgt nach Art. 6 Abs. 1 S. 1 lit. a,b DSGVO auf Grundlage Ihrer freiwillig erteilten Einwilligung, sowie zur Durchf\u00fchrung vorvertraglicher Ma\u00dfnahmen.[\/vc_column_text][vc_column_text css=&#8221;.vc_custom_1720418207417{margin-top: 10px !important;}&#8221;]<strong>Datensicherheit &#8211; SSL-Verschl\u00fcsselung<\/strong><\/p>\n<p>Wir verwenden auf unserer Webseite das SSL-Verfahren (Secure Socket Layer) zur Verschl\u00fcsselung und zum Schutz der \u00dcbertragung vertraulicher Inhalte. Wenn die SSL-Verschl\u00fcsselung aktiviert ist, k\u00f6nnen die Daten, die Sie an uns \u00fcbermitteln, nicht von Dritten mitgelesen werden. Ob eine einzelne Seite unseres Internetauftrittes verschl\u00fcsselt \u00fcbertragen wird, erkennen Sie an der geschlossenen Darstellung des Schl\u00fcssel- beziehungsweise Schloss-Symbols in der Statusleiste Ihres Browsers &#8211; die Adresszeile Ihres Browsers zeigt bei einer SSL-Verschl\u00fcsselung &#8220;https:\/\/&#8221; an.[\/vc_column_text][vc_column_text css=&#8221;.vc_custom_1720418221196{margin-top: 10px !important;}&#8221;]<strong>Verarbeitung\/Weitergabe von Daten<\/strong><\/p>\n<p>Eine \u00dcbermittlung Ihrer pers\u00f6nlichen Daten an Dritte zu anderen als den im Vorstehenden bzw. Folgenden aufgef\u00fchrten Zwecken findet nicht statt.<\/p>\n<p>Wir geben Ihre pers\u00f6nlichen Daten nur an Dritte weiter, wenn:<\/p>\n<ul>\n<li>Sie Ihre nach Art. 6 Abs. 1 S. 1 lit. a DSGVO ausdr\u00fcckliche Einwilligung dazu erteilt haben,<\/li>\n<li>dies gesetzlich zul\u00e4ssig und nach Art. 6 Abs. 1 S. 1 lit. b DSGVO f\u00fcr die Erf\u00fcllung von Vertragsverh\u00e4ltnissen der zur Durchf\u00fchrung vorvertraglicher Ma\u00dfnahmen mit Ihnen erforderlich ist,<\/li>\n<li>f\u00fcr den Fall, dass f\u00fcr die Weitergabe nach Art. 6 Abs. 1 S. 1 lit. c DSGVO eine gesetzliche Verpflichtung f\u00fcr uns besteht,<\/li>\n<li>die Verarbeitung nach Art. 6 Abs. 1 S. 1 lit. f DSGVO zur Wahrung unserer berechtigten Interessen oder eines Dritten erforderlich ist, sofern nicht die Interessen oder Grundrechte und Grundfreiheiten der betroffenen Person, die den Schutz personenbezogener Daten erfordern, \u00fcberwiegen.<\/li>\n<\/ul>\n<p>[\/vc_column_text][vc_column_text css=&#8221;.vc_custom_1720418239515{margin-top: 10px !important;}&#8221;]<strong>Betroffenenrechte<\/strong><\/p>\n<p>Sie haben das Recht:<\/p>\n<ul>\n<li>gem\u00e4\u00df Art. 15 DSGVO Auskunft \u00fcber Ihre von uns verarbeiteten personenbezogenen Daten zu verlangen;<\/li>\n<li>gem\u00e4\u00df Art. 16 DSGVO unverz\u00fcglich die Berichtigung unrichtiger oder Vervollst\u00e4ndigung Ihrer bei uns gespeicherten personenbezogenen Daten zu verlangen;<\/li>\n<li>gem\u00e4\u00df Art. 17 DSGVO die L\u00f6schung Ihrer bei uns gespeicherten personenbezogenen Daten zu verlangen, soweit nicht die Verarbeitung zur Aus\u00fcbung des Rechts auf freie Meinungs\u00e4u\u00dferung und Information, zur Erf\u00fcllung einer rechtlichen Verpflichtung, aus Gr\u00fcnden des \u00f6ffentlichen Interesses oder zur Geltendmachung, Aus\u00fcbung oder Verteidigung von Rechtsanspr\u00fcchen erforderlich ist;<\/li>\n<li>gem\u00e4\u00df Art. 18 DSGVO die Einschr\u00e4nkung der Verarbeitung Ihrer personenbezogenen Daten zu verlangen;<\/li>\n<li>gem\u00e4\u00df Art. 7 Abs. 3 DSGVO Ihre einmal erteilte Einwilligung jederzeit uns gegen\u00fcber zu widerrufen. Dies hat zur Folge, dass wir die Datenverarbeitung, die auf dieser Einwilligung beruht, f\u00fcr die Zukunft nicht mehr fortf\u00fchren d\u00fcrfen;gem\u00e4\u00df Art. 77 DSGVO sich bei einer Aufsichtsbeh\u00f6rde zu beschweren, wenn Sie der Ansicht sind, dass die Verarbeitung der Sie betreffenden personenbezogenen Daten gegen die DSGVO verst\u00f6\u00dft. In der Regel k\u00f6nnen Sie sich hierf\u00fcr an die Aufsichtsbeh\u00f6rde Ihres \u00fcblichen Aufenthaltsortes oder Arbeitsplatzes oder unseres Sitzes wenden. Eine Liste der Datenschutzbeauftragten in Deutschland sowie deren Kontaktdaten k\u00f6nnen Sie unter folgendem Link finden: <a href=\"https:\/\/www.bfdi.bund.de\/DE\/Infothek\/Anschriften_Links\/anschriften_links-node.html\">https:\/\/www.bfdi.bund.de\/DE\/Infothek\/Anschriften_Links\/anschriften_links-node.html<\/a>.<\/li>\n<\/ul>\n<p>[\/vc_column_text][vc_column_text css=&#8221;.vc_custom_1720418385980{margin-top: 10px !important;margin-bottom: 100px !important;}&#8221;]<strong>Widerspruchsrecht gegen die Datenerhebung in besonderen F\u00e4llen<\/strong><\/p>\n<p><strong>Sofern wir zur Wahrung unserer im Rahmen einer Interessenabw\u00e4gung \u00fcberwiegenden berechtigten Interessen Ihre personenbezogenen Daten gem\u00e4\u00df Art. 6 Abs. 1 S. 1 lit. f DSGVO verarbeiten, haben Sie das Recht, gem\u00e4\u00df Art. 21 DSGVO Widerspruch mit Wirkung f\u00fcr die Zukunft gegen die Verarbeitung Ihrer personenbezogenen Daten einzulegen. <\/strong><\/p>\n<p><strong>M\u00f6chten Sie von Ihrem Widerspruchsrecht Gebrauch machen, gen\u00fcgt eine E-Mail an uns.<\/strong><\/p>\n<p><strong>Nach Aus\u00fcbung Ihres Widerspruchsrechts werden wir Ihre personenbezogenen Daten nicht weiter verarbeiten, es sei denn, wir k\u00f6nnen zwingende schutzw\u00fcrdige Gr\u00fcnde f\u00fcr die Verarbeitung nachweisen, die Ihren Interessen, Rechten und Freiheiten \u00fcberwiegen, oder wenn die Verarbeitung der Geltendmachung, Aus\u00fcbung oder Verteidigung von Rechtsanspr\u00fcchen dient.<\/strong><\/p>\n<p>Auf unseren Webseiten findet keine automatische Entscheidungsfindung oder ein Profiling statt.<\/p>\n<p><strong>\u00a0<\/strong><\/p>\n<p><strong>\u00c4nderung dieser Datenschutzerkl\u00e4rung &#8211; Stand<\/strong><\/p>\n<p>Durch die Weiterentwicklung unserer Website und Angebote dar\u00fcber oder aufgrund ge\u00e4nderter gesetzlicher beziehungsweise beh\u00f6rdlicher Vorgaben kann es notwendig werden, diese Datenschutzerkl\u00e4rung unter Beachtung der geltenden Datenschutzvorschriften zu \u00e4ndern. Die jeweils aktuelle Datenschutzerkl\u00e4rung kann jederzeit auf unserer Website unter Datenschutz von Ihnen abgerufen und ausgedruckt werden.<\/p>\n<p>Stand: Juli 2024\u00a0\u00a0\u00a0\u00a0\u00a0\u00a0\u00a0\u00a0\u00a0\u00a0\u00a0\u00a0\u00a0\u00a0\u00a0\u00a0\u00a0\u00a0\u00a0\u00a0\u00a0\u00a0\u00a0\u00a0\u00a0\u00a0\u00a0\u00a0\u00a0\u00a0\u00a0\u00a0 erstellt von RA Markus v. Hohenhau &#8211; <a href=\"http:\/\/www.e-anwalt.de\">www.e-anwalt.de<\/a>[\/vc_column_text][\/vc_column][\/vc_row]<\/p>\n<\/div>","protected":false},"excerpt":{"rendered":"<p>[vc_row css=&#8221;.vc_custom_1708932670507{margin-top: 100px !important;}&#8221;][vc_column][vc_column_text css=&#8221;.vc_custom_1709106830451{background-position: center !important;background-repeat: no-repeat !important;background-size: contain !important;}&#8221;] DATENSCHUTZ [\/vc_column_text][vc_column_text css=&#8221;.vc_custom_1720417803490{margin-top: 10px !important;}&#8221;]Nachfolgend m\u00f6chten wir Sie \u00fcber den Datenschutz auf unserer Website sowie \u00fcber Art, Umfang und Zweck der von uns erhobenen, genutzten und verarbeiteten personenbezogenen Daten informieren. Datenschutz hat einen hohen Stellenwert f\u00fcr uns. Personenbezogene Daten sind alle Daten, mit denen&hellip;<\/p>\n","protected":false},"author":2,"featured_media":0,"parent":0,"menu_order":0,"comment_status":"closed","ping_status":"closed","template":"","meta":{"footnotes":""},"class_list":["post-3","page","type-page","status-publish","hentry","description-off"],"_links":{"self":[{"href":"https:\/\/kolmer-paletten.de\/index.php\/wp-json\/wp\/v2\/pages\/3","targetHints":{"allow":["GET"]}}],"collection":[{"href":"https:\/\/kolmer-paletten.de\/index.php\/wp-json\/wp\/v2\/pages"}],"about":[{"href":"https:\/\/kolmer-paletten.de\/index.php\/wp-json\/wp\/v2\/types\/page"}],"author":[{"embeddable":true,"href":"https:\/\/kolmer-paletten.de\/index.php\/wp-json\/wp\/v2\/users\/2"}],"replies":[{"embeddable":true,"href":"https:\/\/kolmer-paletten.de\/index.php\/wp-json\/wp\/v2\/comments?post=3"}],"version-history":[{"count":8,"href":"https:\/\/kolmer-paletten.de\/index.php\/wp-json\/wp\/v2\/pages\/3\/revisions"}],"predecessor-version":[{"id":740,"href":"https:\/\/kolmer-paletten.de\/index.php\/wp-json\/wp\/v2\/pages\/3\/revisions\/740"}],"wp:attachment":[{"href":"https:\/\/kolmer-paletten.de\/index.php\/wp-json\/wp\/v2\/media?parent=3"}],"curies":[{"name":"wp","href":"https:\/\/api.w.org\/{rel}","templated":true}]}}