{"id":20,"date":"2024-02-22T13:56:20","date_gmt":"2024-02-22T12:56:20","guid":{"rendered":"https:\/\/kolmer-paletten.de\/?page_id=20"},"modified":"2024-07-04T08:20:16","modified_gmt":"2024-07-04T06:20:16","slug":"karriere","status":"publish","type":"page","link":"https:\/\/kolmer-paletten.de\/index.php\/karriere\/","title":{"rendered":"Karriere"},"content":{"rendered":"<div class=\"wpb-content-wrapper\"><p>[vc_row equal_height=&#8221;yes&#8221; bg_type=&#8221;bg_color&#8221; ult_hide_row=&#8221;ult_hide_row_value&#8221; ult_hide_row_tablet_small=&#8221;xs_tablet&#8221; ult_hide_row_mobile=&#8221;mobile&#8221; ult_hide_row_mobile_large=&#8221;xl_mobile&#8221; css=&#8221;.vc_custom_1710254404482{margin-top: 100px !important;}&#8221; el_id=&#8221;DESKTOP&#8221;][vc_column width=&#8221;1\/2&#8243; css=&#8221;.vc_custom_1709115894652{padding-right: 100px !important;}&#8221;][vc_column_text css=&#8221;.vc_custom_1709110273745{background-position: center !important;background-repeat: no-repeat !important;background-size: contain !important;}&#8221;]<\/p>\n<h2><span style=\"display: inline-block; background-color: #343440; padding: 10px 40px 10px 40px;\">KARRIERE<\/span><\/h2>\n<p>[\/vc_column_text][vc_column_text css=&#8221;.vc_custom_1709901569696{margin-top: 40px !important;margin-bottom: 0px !important;padding-bottom: 0px !important;}&#8221;]<strong><span style=\"display: inline-block; background-color: #0055aa; padding: 10px 40px 10px 40px; color: #fff;\">Sind Sie bereit f\u00fcr eine berufliche Ver\u00e4nderung, die Sie begeistert?<\/span><\/strong>[\/vc_column_text][vc_column_text css=&#8221;.vc_custom_1709901624204{margin-top: 25px !important;}&#8221;]<\/p>\n<h6>Dann sind Sie bei Kolmer Paletten am richtigen Ort.<\/h6>\n<p>[\/vc_column_text][vc_column_text css=&#8221;.vc_custom_1709901717261{margin-top: 50px !important;}&#8221;]Bei Kolmer Paletten erwartet Sie mehr als ein Job \u2013 hier beginnt der Weg zu einer Karriere mit Perspektive. Werden Sie Teil eines Teams, das Innovation vorantreibt und die Logistikbranche neu definiert. Wir bieten spannende Herausforderungen und die M\u00f6glichkeit, sich in einem dynamischen Umfeld zu entwickeln.<\/p>\n<ul>\n<li>Erleben Sie eine Firmenkultur, die Kreativit\u00e4t f\u00f6rdert und Teamgeist lebt.<\/li>\n<li>Profitieren Sie von individuellen Weiterbildungsm\u00f6glichkeiten.<\/li>\n<li>Gestalten Sie aktiv unsere Zukunft mit Ihren Ideen.<\/li>\n<\/ul>\n<p>Wir suchen Talente, die mit Leidenschaft und Engagement die Welt der Logistik mit uns gemeinsam gestalten wollen. Wenn Sie bereit sind, mit uns zu wachsen und Ihre Karriere auf das n\u00e4chste Level zu heben, dann sollten wir uns kennenlernen.<\/p>\n<p>&nbsp;<\/p>\n<h5>SEHEN SIE HIER UNSERE OFFENEN STELLEN:<\/h5>\n<p>[\/vc_column_text][\/vc_column][vc_column width=&#8221;1\/2&#8243; css=&#8221;.vc_custom_1709115941019{background-position: center !important;background-repeat: no-repeat !important;background-size: cover !important;}&#8221;][vc_single_image image=&#8221;520&#8243; img_size=&#8221;full&#8221; alignment=&#8221;center&#8221;][\/vc_column][\/vc_row][vc_row equal_height=&#8221;yes&#8221; bg_type=&#8221;bg_color&#8221; ult_hide_row=&#8221;ult_hide_row_value&#8221; ult_hide_row_large_screen=&#8221;large_screen&#8221; ult_hide_row_desktop=&#8221;desktop&#8221; ult_hide_row_tablet=&#8221;tablet&#8221; css=&#8221;.vc_custom_1710254418724{margin-top: 100px !important;}&#8221; el_id=&#8221;MOBILE&#8221;][vc_column][vc_column_text css=&#8221;.vc_custom_1709110273745{background-position: center !important;background-repeat: no-repeat !important;background-size: contain !important;}&#8221;]<\/p>\n<h2><span style=\"display: inline-block; background-color: #343440; padding: 10px 40px 10px 40px;\">KARRIERE<\/span><\/h2>\n<p>[\/vc_column_text][vc_column_text css=&#8221;.vc_custom_1709901569696{margin-top: 40px !important;margin-bottom: 0px !important;padding-bottom: 0px !important;}&#8221;]<strong><span style=\"display: inline-block; background-color: #0055aa; padding: 10px 40px 10px 40px; color: #fff;\">Sind Sie bereit f\u00fcr eine berufliche Ver\u00e4nderung, die Sie begeistert?<\/span><\/strong>[\/vc_column_text][vc_column_text css=&#8221;.vc_custom_1709901624204{margin-top: 25px !important;}&#8221;]<\/p>\n<h6>Dann sind Sie bei Kolmer Paletten am richtigen Ort.<\/h6>\n<p>[\/vc_column_text][vc_column_text css=&#8221;.vc_custom_1709901717261{margin-top: 50px !important;}&#8221;]Bei Kolmer Paletten erwartet Sie mehr als ein Job \u2013 hier beginnt der Weg zu einer Karriere mit Perspektive. Werden Sie Teil eines Teams, das Innovation vorantreibt und die Logistikbranche neu definiert. Wir bieten spannende Herausforderungen und die M\u00f6glichkeit, sich in einem dynamischen Umfeld zu entwickeln.<\/p>\n<ul>\n<li>Erleben Sie eine Firmenkultur, die Kreativit\u00e4t f\u00f6rdert und Teamgeist lebt.<\/li>\n<li>Profitieren Sie von individuellen Weiterbildungsm\u00f6glichkeiten.<\/li>\n<li>Gestalten Sie aktiv unsere Zukunft mit Ihren Ideen.<\/li>\n<\/ul>\n<p>Wir suchen Talente, die mit Leidenschaft und Engagement die Welt der Logistik mit uns gemeinsam gestalten wollen. Wenn Sie bereit sind, mit uns zu wachsen und Ihre Karriere auf das n\u00e4chste Level zu heben, dann sollten wir uns kennenlernen.<\/p>\n<p>&nbsp;<\/p>\n<h5>SEHEN SIE HIER UNSERE OFFENEN STELLEN:<\/h5>\n<p>[\/vc_column_text][vc_single_image image=&#8221;520&#8243; img_size=&#8221;full&#8221; alignment=&#8221;center&#8221;][\/vc_column][\/vc_row][vc_row css=&#8221;.vc_custom_1709116121157{margin-top: 75px !important;}&#8221;][vc_column][vc_separator color=&#8221;custom&#8221; accent_color=&#8221;#3d3d40&#8243;][\/vc_column][\/vc_row][vc_row][vc_column][vc_column_text css=&#8221;&#8221;]<\/p>\n<h4><span style=\"font-size: 35px; letter-spacing: 2px;\">VERTRIEBSMITARBEITER IM INNENDIENST<\/span><\/h4>\n<p><strong><span style=\"display: inline-block; background-color: #0055aa; padding: 10px 40px 10px 40px; color: #fff;\">VOLLZEIT\u00a0 \u00a0 M\/W\/D<\/span><\/strong>[\/vc_column_text][vc_column_text css=&#8221;.vc_custom_1719392366823{padding-top: 10px !important;padding-bottom: 10px !important;}&#8221;]<\/p>\n<h4><span style=\"font-size: 35px; text-transform: uppercase; letter-spacing: 2px;\">Ausbildung als gross- und aussenhandelskauffrau \/ mann<\/span><\/h4>\n<p><strong><span style=\"display: inline-block; background-color: #0055aa; padding: 10px 40px 10px 40px; color: #fff;\">VOLLZEIT\u00a0 \u00a0 M\/W\/D<\/span><\/strong>[\/vc_column_text][vc_column_text css=&#8221;&#8221;]<\/p>\n<h4><span style=\"font-size: 35px; text-transform: uppercase; letter-spacing: 2px;\">Ausbildung als b\u00fcrokauffrau \/ mann<\/span><\/h4>\n<p><strong><span style=\"display: inline-block; background-color: #0055aa; padding: 10px 40px 10px 40px; color: #fff;\">VOLLZEIT\u00a0 \u00a0 M\/W\/D<\/span><\/strong>[\/vc_column_text][\/vc_column][\/vc_row][vc_row css=&#8221;.vc_custom_1709281775557{margin-top: 150px !important;}&#8221;][vc_column width=&#8221;1\/2&#8243;][vc_column_text css=&#8221;&#8221;]<\/p>\n<h3><span style=\"font-size: 50px; background-color: #0055aa; padding: 0px 10px 0px 10px; line-height: 60px; color: #fff; letter-spacing: 2px;\">JETZT BEWERBEN<\/span><\/h3>\n<p>[\/vc_column_text][vc_column_text]F\u00fcr alle Stellen einschlie\u00dflich Praktika: Bitte senden Sie Ihre Bewerbung per E-Mail oder mit dem Formular an:[\/vc_column_text][vc_column_text]<\/p>\n<h4>KOLMER<br \/>\nPALETTEN<\/h4>\n<p>[\/vc_column_text]<div class=\"smile_icon_list_wrap ult_info_list_container ult-adjust-bottom-margin kontaktlist \"><ul class=\"smile_icon_list left square with_bg\"><li class=\"icon_list_item\" style=\" font-size:72px;\"><div class=\"icon_list_icon\" data-animation=\"\" data-animation-delay=\"03\" style=\"font-size:24px;border-width:1px;border-style:none;background:#ffffff;color:#0055aa;border-color:#333333;\"><i class=\"icomoon-the7-font-the7-mail-05\" ><\/i><\/div><div class=\"icon_description\" id=\"Info-list-wrap-4617\" style=\"font-size:24px;\"><div class=\"icon_description_text ult-responsive\"  data-ultimate-target='#Info-list-wrap-4617 .icon_description_text'  data-responsive-json-new='{\"font-size\":\"desktop:16px;\",\"line-height\":\"desktop:18px;\"}'  style=\"font-weight:bold;\"><p><a href=\"mailto:info@kolmer-paletten.de\">info@kolmer-paletten.de<\/a><\/p>\n<\/div><\/div><div class=\"icon_list_connector\"  style=\"border-right-width: 1px;border-right-style: dashed;border-color: #333333;\"><\/div><\/li><\/ul><\/div>[\/vc_column][vc_column width=&#8221;1\/2&#8243; css=&#8221;.vc_custom_1709281735606{padding-top: 30px !important;padding-right: 30px !important;padding-bottom: 30px !important;padding-left: 30px !important;background-color: #f4f4f7 !important;}&#8221;][vc_column_text]Starten Sie jetzt Ihre Karriere bei Kolmer Paletten. Wir freuen uns auf Ihre Bewerbung<br \/>\nund darauf, Sie vielleicht bald in unserem Team begr\u00fc\u00dfen zu d\u00fcrfen. F\u00fcllen Sie das<br \/>\nBewerbungsformular aus oder senden Sie Ihre Unterlagen direkt per E-Mail an uns.[\/vc_column_text]\n<div class=\"wpcf7 no-js\" id=\"wpcf7-f7-o1\" lang=\"en-US\" dir=\"ltr\" data-wpcf7-id=\"7\">\n<div class=\"screen-reader-response\"><p role=\"status\" aria-live=\"polite\" aria-atomic=\"true\"><\/p> <ul><\/ul><\/div>\n<form action=\"\/index.php\/wp-json\/wp\/v2\/pages\/20#wpcf7-f7-o1\" method=\"post\" class=\"wpcf7-form init\" aria-label=\"Contact form\" enctype=\"multipart\/form-data\" novalidate=\"novalidate\" data-status=\"init\">\n<div style=\"display: none;\">\n<input type=\"hidden\" name=\"_wpcf7\" value=\"7\" \/>\n<input type=\"hidden\" name=\"_wpcf7_version\" value=\"6.0.3\" \/>\n<input type=\"hidden\" name=\"_wpcf7_locale\" value=\"en_US\" \/>\n<input type=\"hidden\" name=\"_wpcf7_unit_tag\" value=\"wpcf7-f7-o1\" \/>\n<input type=\"hidden\" name=\"_wpcf7_container_post\" value=\"0\" \/>\n<input type=\"hidden\" name=\"_wpcf7_posted_data_hash\" value=\"\" \/>\n<input type=\"hidden\" name=\"_wpcf7_recaptcha_response\" value=\"\" \/>\n<\/div>\n<p><span class=\"wpcf7-form-control-wrap\" data-name=\"dein-name\"><input size=\"40\" maxlength=\"400\" class=\"wpcf7-form-control wpcf7-text wpcf7-validates-as-required\" aria-required=\"true\" aria-invalid=\"false\" placeholder=\"Name\" value=\"\" type=\"text\" name=\"dein-name\" \/><\/span>\n<\/p>\n<p><span class=\"wpcf7-form-control-wrap\" data-name=\"deine-email\"><input size=\"40\" maxlength=\"400\" class=\"wpcf7-form-control wpcf7-email wpcf7-validates-as-required wpcf7-text wpcf7-validates-as-email\" aria-required=\"true\" aria-invalid=\"false\" placeholder=\"E-Mail\" value=\"\" type=\"email\" name=\"deine-email\" \/><\/span>\n<\/p>\n<p><span class=\"wpcf7-form-control-wrap\" data-name=\"dein-telefon\"><input size=\"40\" maxlength=\"400\" class=\"wpcf7-form-control wpcf7-text\" aria-invalid=\"false\" placeholder=\"Telefon\" value=\"\" type=\"text\" name=\"dein-telefon\" \/><\/span>\n<\/p>\n<p><span class=\"wpcf7-form-control-wrap\" data-name=\"deine-Nachricht\"><textarea cols=\"40\" rows=\"10\" maxlength=\"2000\" class=\"wpcf7-form-control wpcf7-textarea\" aria-invalid=\"false\" placeholder=\"Nachricht\" name=\"deine-Nachricht\"><\/textarea><\/span>\n<\/p>\n<p><span class=\"wpcf7-form-control-wrap\" data-name=\"your-file\"><input size=\"40\" class=\"wpcf7-form-control wpcf7-file\" accept=\".pdf\" aria-invalid=\"false\" type=\"file\" name=\"your-file\" \/><\/span>\n<\/p>\n<p><input class=\"wpcf7-form-control wpcf7-submit has-spinner\" type=\"submit\" value=\"Absenden\" \/>\n<\/p><div class=\"wpcf7-response-output\" aria-hidden=\"true\"><\/div>\n<\/form>\n<\/div>\n[\/vc_column][\/vc_row][vc_row full_width=&#8221;stretch_row_content_no_spaces&#8221; equal_height=&#8221;yes&#8221; content_placement=&#8221;top&#8221; css=&#8221;.vc_custom_1709115704495{margin-top: 75px !important;background-color: #0055aa !important;}&#8221;][vc_column css=&#8221;.vc_custom_1709021123368{margin-top: 0px !important;margin-bottom: 0px !important;padding-top: 30px !important;padding-bottom: 30px !important;}&#8221;]<style type=\"text\/css\" data-type=\"the7_shortcodes-inline-css\">.carousel-shortcode.carousel-shortcode-id-566378b258f2fb13d14ea90044c100b2 .owl-nav a {\n  width: 36px;\n  height: 36px;\n  border-radius: 500px;\n}\n.dt-arrow-border-on.carousel-shortcode.carousel-shortcode-id-566378b258f2fb13d14ea90044c100b2 .owl-nav a:not(:hover):before {\n  border-width: 0px;\n}\n.dt-arrow-hover-border-on.carousel-shortcode.carousel-shortcode-id-566378b258f2fb13d14ea90044c100b2 .owl-nav a:hover:after {\n  border-width: 0px;\n}\n.carousel-shortcode.carousel-shortcode-id-566378b258f2fb13d14ea90044c100b2 .owl-nav a.owl-prev {\n  top: 50%;\n  transform: translateY(calc(-50% + 0px));\n  left: -43px;\n}\n@media all and (-ms-high-contrast: none) {\n  .carousel-shortcode.carousel-shortcode-id-566378b258f2fb13d14ea90044c100b2 .owl-nav a.owl-prev {\n    transform: translateY(-50%);\n    margin-top: 0px;\n  }\n}\n.carousel-shortcode.carousel-shortcode-id-566378b258f2fb13d14ea90044c100b2 .owl-nav a.owl-prev i {\n  padding: 0px 0px 0px 0px;\n}\n.carousel-shortcode.carousel-shortcode-id-566378b258f2fb13d14ea90044c100b2 .owl-nav a.owl-next {\n  top: 50%;\n  transform: translateY(calc(-50% + 0px));\n  right: -43px;\n}\n@media all and (-ms-high-contrast: none) {\n  .carousel-shortcode.carousel-shortcode-id-566378b258f2fb13d14ea90044c100b2 .owl-nav a.owl-next {\n    transform: translateY(-50%);\n    margin-top: 0px;\n  }\n}\n.carousel-shortcode.carousel-shortcode-id-566378b258f2fb13d14ea90044c100b2 .owl-nav a.owl-next i {\n  padding: 0px 0px 0px 0px;\n}\n.carousel-shortcode.carousel-shortcode-id-566378b258f2fb13d14ea90044c100b2 .owl-nav i {\n  font-size: 18px;\n}\n.carousel-shortcode.carousel-shortcode-id-566378b258f2fb13d14ea90044c100b2 .owl-nav a:not(:hover) i,\n.carousel-shortcode.carousel-shortcode-id-566378b258f2fb13d14ea90044c100b2 .owl-nav a:not(:hover) i:before {\n  color: #ffffff;\n  background: none;\n}\n.carousel-shortcode.carousel-shortcode-id-566378b258f2fb13d14ea90044c100b2 .owl-nav a:hover i,\n.carousel-shortcode.carousel-shortcode-id-566378b258f2fb13d14ea90044c100b2 .owl-nav a:hover i:before {\n  color: rgba(255,255,255,0.75);\n  background: none;\n}\n.carousel-shortcode.carousel-shortcode-id-566378b258f2fb13d14ea90044c100b2 .owl-dots {\n  top: calc(100% + 20px);\n  left: 50%;\n  transform: translateX(calc(-50% + 0px));\n}\n@media all and (-ms-high-contrast: none) {\n  .carousel-shortcode.carousel-shortcode-id-566378b258f2fb13d14ea90044c100b2 .owl-dots {\n    transform: translateX(-50%);\n    margin-left: 0px;\n  }\n}\n.carousel-shortcode.carousel-shortcode-id-566378b258f2fb13d14ea90044c100b2 .owl-dot {\n  width: 10px;\n  height: 10px;\n  margin: 0 8px;\n}\n@media screen and (max-width: 778px) {\n  .carousel-shortcode.carousel-shortcode-id-566378b258f2fb13d14ea90044c100b2.hide-arrows .owl-nav a {\n    display: none;\n  }\n}\n@media screen and (max-width: 778px) {\n  .carousel-shortcode.carousel-shortcode-id-566378b258f2fb13d14ea90044c100b2.reposition-arrows .owl-nav .owl-prev {\n    top: 50%;\n    transform: translateY(calc(-50% + 0px));\n    left: 10px;\n  }\n  .carousel-shortcode.carousel-shortcode-id-566378b258f2fb13d14ea90044c100b2.reposition-arrows .owl-nav .owl-next {\n    top: 50%;\n    transform: translateY(calc(-50% + 0px));\n    right: 10px;\n  }\n}\n@media screen and (max-width: 778px) and all and (-ms-high-contrast: none) {\n  .carousel-shortcode.carousel-shortcode-id-566378b258f2fb13d14ea90044c100b2.reposition-arrows .owl-nav .owl-prev {\n    transform: translateY(-50%);\n    margin-top: 0px;\n  }\n}\n@media screen and (max-width: 778px) and all and (-ms-high-contrast: none) {\n  .carousel-shortcode.carousel-shortcode-id-566378b258f2fb13d14ea90044c100b2.reposition-arrows .owl-nav .owl-next {\n    transform: translateY(-50%);\n    margin-top: 0px;\n  }\n}\n<\/style><div class=\"owl-carousel carousel-shortcode dt-owl-carousel-call carousel-shortcode-id-566378b258f2fb13d14ea90044c100b2 bullets-small-dot-stroke reposition-arrows arrows-bg-on dt-arrow-border-on dt-arrow-hover-border-on disable-arrows-hover-bg arrows-hover-bg-on  \" data-scroll-mode=\"1\" data-col-num=\"8\" data-wide-col-num=\"8\" data-laptop-col=\"8\" data-h-tablet-columns-num=\"8\" data-v-tablet-columns-num=\"6\" data-phone-columns-num=\"4\" data-auto-height=\"true\" data-col-gap=\"0\" data-stage-padding=\"0\" data-speed=\"300\" data-autoplay=\"true\" data-autoplay_speed=\"3000\" data-arrows=\"false\" data-bullet=\"false\" data-next-icon=\"icon-ar-017-r\" data-prev-icon=\"icon-ar-017-l\">[vc_single_image image=&#8221;415&#8243; img_size=&#8221;full&#8221; alignment=&#8221;center&#8221; css=&#8221;.vc_custom_1709021823062{margin-top: 0px !important;margin-right: 0px !important;margin-bottom: 0px !important;margin-left: 0px !important;padding-top: 0px !important;padding-right: 0px !important;padding-bottom: 0px !important;padding-left: 0px !important;}&#8221;][vc_single_image image=&#8221;419&#8243; img_size=&#8221;full&#8221; alignment=&#8221;center&#8221; css=&#8221;.vc_custom_1709021935855{margin-top: 0px !important;margin-right: 0px !important;margin-bottom: 0px !important;margin-left: 0px !important;padding-top: 0px !important;padding-right: 0px !important;padding-bottom: 0px !important;padding-left: 0px !important;}&#8221;][vc_single_image image=&#8221;417&#8243; img_size=&#8221;full&#8221; alignment=&#8221;center&#8221; css=&#8221;.vc_custom_1709021711118{margin-top: 0px !important;margin-right: 0px !important;margin-bottom: 0px !important;margin-left: 0px !important;padding-top: 0px !important;padding-right: 0px !important;padding-bottom: 0px !important;padding-left: 0px !important;}&#8221;][vc_single_image image=&#8221;418&#8243; img_size=&#8221;full&#8221; alignment=&#8221;center&#8221; css=&#8221;.vc_custom_1709021734738{margin-top: 0px !important;margin-right: 0px !important;margin-bottom: 0px !important;margin-left: 0px !important;padding-top: 0px !important;padding-right: 0px !important;padding-bottom: 0px !important;padding-left: 0px !important;}&#8221;][vc_single_image image=&#8221;415&#8243; img_size=&#8221;full&#8221; alignment=&#8221;center&#8221; css=&#8221;.vc_custom_1709021679159{margin-top: 0px !important;margin-right: 0px !important;margin-bottom: 0px !important;margin-left: 0px !important;padding-top: 0px !important;padding-right: 0px !important;padding-bottom: 0px !important;padding-left: 0px !important;}&#8221;][vc_single_image image=&#8221;419&#8243; img_size=&#8221;full&#8221; alignment=&#8221;center&#8221; css=&#8221;.vc_custom_1709021935855{margin-top: 0px !important;margin-right: 0px !important;margin-bottom: 0px !important;margin-left: 0px !important;padding-top: 0px !important;padding-right: 0px !important;padding-bottom: 0px !important;padding-left: 0px !important;}&#8221;][vc_single_image image=&#8221;417&#8243; img_size=&#8221;full&#8221; alignment=&#8221;center&#8221; css=&#8221;.vc_custom_1709021711118{margin-top: 0px !important;margin-right: 0px !important;margin-bottom: 0px !important;margin-left: 0px !important;padding-top: 0px !important;padding-right: 0px !important;padding-bottom: 0px !important;padding-left: 0px !important;}&#8221;][vc_single_image image=&#8221;418&#8243; img_size=&#8221;full&#8221; alignment=&#8221;center&#8221; css=&#8221;.vc_custom_1709021734738{margin-top: 0px !important;margin-right: 0px !important;margin-bottom: 0px !important;margin-left: 0px !important;padding-top: 0px !important;padding-right: 0px !important;padding-bottom: 0px !important;padding-left: 0px !important;}&#8221;][vc_single_image image=&#8221;415&#8243; img_size=&#8221;full&#8221; alignment=&#8221;center&#8221; css=&#8221;.vc_custom_1709021679159{margin-top: 0px !important;margin-right: 0px !important;margin-bottom: 0px !important;margin-left: 0px !important;padding-top: 0px !important;padding-right: 0px !important;padding-bottom: 0px !important;padding-left: 0px !important;}&#8221;][vc_single_image image=&#8221;419&#8243; img_size=&#8221;full&#8221; alignment=&#8221;center&#8221; css=&#8221;.vc_custom_1709021935855{margin-top: 0px !important;margin-right: 0px !important;margin-bottom: 0px !important;margin-left: 0px !important;padding-top: 0px !important;padding-right: 0px !important;padding-bottom: 0px !important;padding-left: 0px !important;}&#8221;][vc_single_image image=&#8221;417&#8243; img_size=&#8221;full&#8221; alignment=&#8221;center&#8221; css=&#8221;.vc_custom_1709021711118{margin-top: 0px !important;margin-right: 0px !important;margin-bottom: 0px !important;margin-left: 0px !important;padding-top: 0px !important;padding-right: 0px !important;padding-bottom: 0px !important;padding-left: 0px !important;}&#8221;][vc_single_image image=&#8221;418&#8243; img_size=&#8221;full&#8221; alignment=&#8221;center&#8221; css=&#8221;.vc_custom_1709021734738{margin-top: 0px !important;margin-right: 0px !important;margin-bottom: 0px !important;margin-left: 0px !important;padding-top: 0px !important;padding-right: 0px !important;padding-bottom: 0px !important;padding-left: 0px !important;}&#8221;]<\/div>[\/vc_column][\/vc_row][vc_row full_width=&#8221;stretch_row_content_no_spaces&#8221; equal_height=&#8221;yes&#8221; css=&#8221;.vc_custom_1709109065050{padding-top: 75px !important;padding-bottom: 75px !important;background-color: #3d3d40 !important;}&#8221;][vc_column width=&#8221;1\/4&#8243;][vc_single_image image=&#8221;422&#8243; img_size=&#8221;150x150px&#8221; alignment=&#8221;right&#8221;][\/vc_column][vc_column width=&#8221;1\/2&#8243;][vc_column_text]<\/p>\n<h6 style=\"text-align: center;\"><span style=\"display: inline-block; background-color: #0055aa; padding: 10px 40px 10px 40px; color: #fff; text-transform: uppercase;\">Qualit\u00e4t, Pr\u00e4zision, Paletten<\/span><\/h6>\n<p>[\/vc_column_text][vc_column_text]<\/p>\n<h6 style=\"text-align: center;\"><span style=\"display: inline-block; background-color: #0055aa; padding: 10px 40px 10px 40px; color: #fff; text-transform: uppercase;\">&#8211; Ihr Zuverl\u00e4ssiger partner<\/span><\/h6>\n<p>[\/vc_column_text][\/vc_column][vc_column width=&#8221;1\/4&#8243;][vc_single_image image=&#8221;423&#8243; img_size=&#8221;150x150px&#8221;][\/vc_column][\/vc_row][vc_row full_width=&#8221;stretch_row_content_no_spaces&#8221; bg_type=&#8221;bg_color&#8221; ult_hide_row=&#8221;ult_hide_row_value&#8221; ult_hide_row_tablet=&#8221;tablet&#8221; ult_hide_row_tablet_small=&#8221;xs_tablet&#8221; ult_hide_row_mobile=&#8221;mobile&#8221; ult_hide_row_mobile_large=&#8221;xl_mobile&#8221; css=&#8221;.vc_custom_1709561724541{margin-bottom: 75px !important;}&#8221; el_id=&#8221;DESKTOP&#8221;][vc_column css=&#8221;.vc_custom_1709115679375{padding-top: 200px !important;padding-bottom: 200px !important;background-image: url(https:\/\/kolmer-paletten.de\/wp-content\/uploads\/2024\/02\/Kolmer-Paletten_Karriere-Banner.jpg?id=519) !important;}&#8221;][\/vc_column][\/vc_row][vc_row full_width=&#8221;stretch_row_content_no_spaces&#8221; bg_type=&#8221;bg_color&#8221; ult_hide_row=&#8221;ult_hide_row_value&#8221; ult_hide_row_large_screen=&#8221;large_screen&#8221; ult_hide_row_desktop=&#8221;desktop&#8221; css=&#8221;.vc_custom_1709561800684{margin-top: 0px !important;margin-bottom: 75px !important;padding-top: 0px !important;}&#8221; el_id=&#8221;MOBILE&#8221;][vc_column css=&#8221;.vc_custom_1709561939199{margin-top: 0px !important;padding-top: 0px !important;}&#8221;][vc_single_image image=&#8221;585&#8243; img_size=&#8221;full&#8221; alignment=&#8221;center&#8221;][\/vc_column][\/vc_row]<\/p>\n<\/div>","protected":false},"excerpt":{"rendered":"<p>[vc_row equal_height=&#8221;yes&#8221; bg_type=&#8221;bg_color&#8221; ult_hide_row=&#8221;ult_hide_row_value&#8221; ult_hide_row_tablet_small=&#8221;xs_tablet&#8221; ult_hide_row_mobile=&#8221;mobile&#8221; ult_hide_row_mobile_large=&#8221;xl_mobile&#8221; css=&#8221;.vc_custom_1710254404482{margin-top: 100px !important;}&#8221; el_id=&#8221;DESKTOP&#8221;][vc_column width=&#8221;1\/2&#8243; css=&#8221;.vc_custom_1709115894652{padding-right: 100px !important;}&#8221;][vc_column_text css=&#8221;.vc_custom_1709110273745{background-position: center !important;background-repeat: no-repeat !important;background-size: contain !important;}&#8221;] KARRIERE [\/vc_column_text][vc_column_text css=&#8221;.vc_custom_1709901569696{margin-top: 40px !important;margin-bottom: 0px !important;padding-bottom: 0px !important;}&#8221;]Sind Sie bereit f\u00fcr eine berufliche Ver\u00e4nderung, die Sie begeistert?[\/vc_column_text][vc_column_text css=&#8221;.vc_custom_1709901624204{margin-top: 25px !important;}&#8221;] Dann sind Sie bei Kolmer Paletten am richtigen Ort. [\/vc_column_text][vc_column_text css=&#8221;.vc_custom_1709901717261{margin-top: 50px&hellip;<\/p>\n","protected":false},"author":2,"featured_media":0,"parent":0,"menu_order":0,"comment_status":"closed","ping_status":"closed","template":"","meta":{"footnotes":""},"class_list":["post-20","page","type-page","status-publish","hentry","description-off"],"_links":{"self":[{"href":"https:\/\/kolmer-paletten.de\/index.php\/wp-json\/wp\/v2\/pages\/20","targetHints":{"allow":["GET"]}}],"collection":[{"href":"https:\/\/kolmer-paletten.de\/index.php\/wp-json\/wp\/v2\/pages"}],"about":[{"href":"https:\/\/kolmer-paletten.de\/index.php\/wp-json\/wp\/v2\/types\/page"}],"author":[{"embeddable":true,"href":"https:\/\/kolmer-paletten.de\/index.php\/wp-json\/wp\/v2\/users\/2"}],"replies":[{"embeddable":true,"href":"https:\/\/kolmer-paletten.de\/index.php\/wp-json\/wp\/v2\/comments?post=20"}],"version-history":[{"count":21,"href":"https:\/\/kolmer-paletten.de\/index.php\/wp-json\/wp\/v2\/pages\/20\/revisions"}],"predecessor-version":[{"id":733,"href":"https:\/\/kolmer-paletten.de\/index.php\/wp-json\/wp\/v2\/pages\/20\/revisions\/733"}],"wp:attachment":[{"href":"https:\/\/kolmer-paletten.de\/index.php\/wp-json\/wp\/v2\/media?parent=20"}],"curies":[{"name":"wp","href":"https:\/\/api.w.org\/{rel}","templated":true}]}}